{"id":286,"date":"2009-07-20T22:32:57","date_gmt":"2009-07-20T21:32:57","guid":{"rendered":"http:\/\/www.schlatter.bosshart.li\/de\/?page_id=286"},"modified":"2010-01-31T16:08:16","modified_gmt":"2010-01-31T15:08:16","slug":"technisches","status":"publish","type":"page","link":"https:\/\/www.schlatter.bosshart.li\/de\/technisches\/","title":{"rendered":"Technisches"},"content":{"rendered":"<p>Die Homepage wurde auf <a href=\"http:\/\/www.wordpress.com\">WordPress<\/a> erstellt, dies ist eine Open Source Blogging Software.<\/p>\n<p>Folgende Kriterien waren ausschlaggebend:<br \/>\n1. geringer aufwand f\u00fcr die Aktualisierung.<br \/>\n2. einfache Bedienung f\u00fcr den Benutzer.<br \/>\n3. optisch ansprechend.<\/p>\n<p>Die Navigation in den Bildergalerien erfolgt \u00fcber die Pfeiltasten.<br \/>\nDas Fenster der Galerie kann \u00fcber die ESC Taste geschlossen werden.<\/p>\n<p>Die beste Darstellung erh\u00e4lt man mit:<br \/>\n1. Mac &amp; Safari<br \/>\n2. Win &amp; Safari<br \/>\n3. Win &amp; Firefox<br \/>\n4. Win &amp; IE<\/p>\n<p>Minimale Aufl\u00f6sung 1024 x 768<\/p>\n<p>Du kannst <a href=\"http:\/\/de.wikipedia.org\/wiki\/RSS\">RSS<\/a> nutzen und bist immer informiert, wann ein neuer Beitrag aufgeschaltet wurde.<br \/>\nAuf Wikipedia klingt dies komplizierter als es ist. Die meisten Browser oder eMail-Programme unterst\u00fctzen RSS-Feeds d.h. ein <a href=\"http:\/\/de.wikipedia.org\/wiki\/Feedreader\">Feedreader<\/a> ist gleich integriert, so muss man lediglich die Adresse speichern.<\/p>\n<p><a href=\"feed:\/\/www.schlatter.bosshart.li\/de\/feed\/\">feed:\/\/www.schlatter.bosshart.li\/de\/feed\/<\/a><\/p>\n<p>RSS-Feeds werden auf Webseiten durch dieses Symbol angezeigt.<\/p>\n<p><img loading=\"lazy\" decoding=\"async\" class=\"alignnone size-full wp-image-294\" title=\"rss\" src=\"https:\/\/www.schlatter.bosshart.li\/de\/wp-content\/uploads\/2009\/07\/rss.jpg\" alt=\"rss\" width=\"50\" height=\"50\" srcset=\"https:\/\/www.schlatter.bosshart.li\/de\/wp-content\/uploads\/2009\/07\/rss.jpg 320w, https:\/\/www.schlatter.bosshart.li\/de\/wp-content\/uploads\/2009\/07\/rss-150x150.jpg 150w\" sizes=\"auto, (max-width: 50px) 100vw, 50px\" \/><\/p>\n","protected":false},"excerpt":{"rendered":"<p>Die Homepage wurde auf WordPress erstellt, dies ist eine Open Source Blogging Software. Folgende Kriterien waren ausschlaggebend: 1. geringer aufwand f\u00fcr die Aktualisierung. 2. einfache Bedienung f\u00fcr den Benutzer. 3. optisch ansprechend. Die Navigation in den Bildergalerien erfolgt \u00fcber die &hellip; <a href=\"https:\/\/www.schlatter.bosshart.li\/de\/technisches\/\">Weiterlesen <span class=\"meta-nav\">&rarr;<\/span><\/a><\/p>\n","protected":false},"author":3,"featured_media":0,"parent":0,"menu_order":6,"comment_status":"closed","ping_status":"open","template":"","meta":{"ngg_post_thumbnail":0,"footnotes":""},"class_list":["post-286","page","type-page","status-publish","hentry"],"_links":{"self":[{"href":"https:\/\/www.schlatter.bosshart.li\/de\/wp-json\/wp\/v2\/pages\/286","targetHints":{"allow":["GET"]}}],"collection":[{"href":"https:\/\/www.schlatter.bosshart.li\/de\/wp-json\/wp\/v2\/pages"}],"about":[{"href":"https:\/\/www.schlatter.bosshart.li\/de\/wp-json\/wp\/v2\/types\/page"}],"author":[{"embeddable":true,"href":"https:\/\/www.schlatter.bosshart.li\/de\/wp-json\/wp\/v2\/users\/3"}],"replies":[{"embeddable":true,"href":"https:\/\/www.schlatter.bosshart.li\/de\/wp-json\/wp\/v2\/comments?post=286"}],"version-history":[{"count":18,"href":"https:\/\/www.schlatter.bosshart.li\/de\/wp-json\/wp\/v2\/pages\/286\/revisions"}],"predecessor-version":[{"id":702,"href":"https:\/\/www.schlatter.bosshart.li\/de\/wp-json\/wp\/v2\/pages\/286\/revisions\/702"}],"wp:attachment":[{"href":"https:\/\/www.schlatter.bosshart.li\/de\/wp-json\/wp\/v2\/media?parent=286"}],"curies":[{"name":"wp","href":"https:\/\/api.w.org\/{rel}","templated":true}]}}